{"id":318,"date":"2013-04-19T19:13:57","date_gmt":"2013-04-19T19:13:57","guid":{"rendered":"\/?page_id=318"},"modified":"2021-01-13T18:56:55","modified_gmt":"2021-01-13T18:56:55","slug":"office-location","status":"publish","type":"page","link":"\/de\/office-location","title":{"rendered":"Office Location"},"content":{"rendered":"<p><strong>Av. Moliere No. 39 Piso 7, Colonia\u00a0Polanco Chapultepec, M\u00e9xico Distrito Federal. C\u00f3digo Postal: 11560.<\/strong><\/p>\n<p><iframe src=\"https:\/\/maps.google.com.mx\/maps?q=11560+miguel+hidalgo+moliere&amp;hl=es-419&amp;sll=23.554131,-102.6205&amp;sspn=24.850646,46.538086&amp;hnear=Moliere,+Miguel+Hidalgo,+Distrito+Federal&amp;t=m&amp;ie=UTF8&amp;hq=&amp;source=embed&amp;vector=1&amp;layer=c&amp;panoid=0kuSY1Dzrw1eapg76aBIsw&amp;cbll=19.430938,-99.202339&amp;cbp=11,152.58,,0,-8.45&amp;ll=19.432944,-99.200921&amp;spn=0.004856,0.00912&amp;z=16&amp;output=svembed\" height=\"240\" width=\"425\" frameborder=\"0\" marginwidth=\"0\" marginheight=\"0\" scrolling=\"no\"><\/iframe><br \/>\n<small><a style=\"color: #0000ff; text-align: left;\" href=\"https:\/\/maps.google.com.mx\/maps?q=11560+miguel+hidalgo+moliere&amp;hl=es-419&amp;sll=23.554131,-102.6205&amp;sspn=24.850646,46.538086&amp;hnear=Moliere,+Miguel+Hidalgo,+Distrito+Federal&amp;t=m&amp;ie=UTF8&amp;hq=&amp;source=embed&amp;vector=1&amp;layer=c&amp;panoid=0kuSY1Dzrw1eapg76aBIsw&amp;cbll=19.430938,-99.202339&amp;cbp=11,152.58,,0,-8.45&amp;ll=19.432944,-99.200921&amp;spn=0.004856,0.00912&amp;z=16\">Ver mapa m\u00e1s grande<\/a><\/small><\/p>\n<h4><a title=\"mining-location\" href=\"http:\/\/www.minasdecelestita.com\/mining-location\">Mining<\/a><\/h4>\n","protected":false},"excerpt":{"rendered":"<p>Av. Moliere No. 39 Piso 7, Colonia\u00a0Polanco Chapultepec, M\u00e9xico Distrito Federal. C\u00f3digo Postal: 11560. Ver mapa m\u00e1s grande Mining<\/p>\n","protected":false},"author":1,"featured_media":0,"parent":0,"menu_order":0,"comment_status":"closed","ping_status":"closed","template":"","meta":[],"_links":{"self":[{"href":"http:\/\/www.minasdecelestita.com\/de\/wp-json\/wp\/v2\/pages\/318"}],"collection":[{"href":"http:\/\/www.minasdecelestita.com\/de\/wp-json\/wp\/v2\/pages"}],"about":[{"href":"http:\/\/www.minasdecelestita.com\/de\/wp-json\/wp\/v2\/types\/page"}],"author":[{"embeddable":true,"href":"http:\/\/www.minasdecelestita.com\/de\/wp-json\/wp\/v2\/users\/1"}],"replies":[{"embeddable":true,"href":"http:\/\/www.minasdecelestita.com\/de\/wp-json\/wp\/v2\/comments?post=318"}],"version-history":[{"count":5,"href":"http:\/\/www.minasdecelestita.com\/de\/wp-json\/wp\/v2\/pages\/318\/revisions"}],"predecessor-version":[{"id":644,"href":"http:\/\/www.minasdecelestita.com\/de\/wp-json\/wp\/v2\/pages\/318\/revisions\/644"}],"wp:attachment":[{"href":"http:\/\/www.minasdecelestita.com\/de\/wp-json\/wp\/v2\/media?parent=318"}],"curies":[{"name":"wp","href":"https:\/\/api.w.org\/{rel}","templated":true}]}}